{"id":3359,"date":"2024-03-27T14:35:52","date_gmt":"2024-03-27T14:35:52","guid":{"rendered":"https:\/\/guycousineaucimentier.com\/?page_id=3359"},"modified":"2024-11-05T19:28:07","modified_gmt":"2024-11-05T19:28:07","slug":"epoxy","status":"publish","type":"page","link":"https:\/\/guycousineaucimentier.com\/?page_id=3359","title":{"rendered":"Epoxy"},"content":{"rendered":"\t\t<div data-elementor-type=\"wp-page\" data-elementor-id=\"3359\" class=\"elementor elementor-3359\" data-elementor-post-type=\"page\">\n\t\t\t\t<div class=\"elementor-element elementor-element-b3a5a01 service-details e-flex e-con-boxed e-con e-parent\" data-id=\"b3a5a01\" data-element_type=\"container\">\n\t\t\t\t\t<div class=\"e-con-inner\">\n\t\t<div class=\"elementor-element elementor-element-27ea81c e-con-full e-flex e-con e-child\" data-id=\"27ea81c\" data-element_type=\"container\">\n\t\t\t\t<div class=\"elementor-element elementor-element-903f165 elementor-widget elementor-widget-sidebar-nav\" data-id=\"903f165\" data-element_type=\"widget\" data-widget_type=\"sidebar-nav.default\">\n\t\t\t\t<div class=\"elementor-widget-container\">\n\t\t\t    <div class=\"service-sidebar__single service-sidebar__single--listsingle\">\r\n        <div class=\"service-sidebar__single__inner\">\r\n            <h3 class=\"service-sidebar__title\">Nos services<\/h3>                            <ul id=\"menu-services-list\" class=\"list-unstyled service-sidebar__nav ml-0\"><li id=\"menu-item-3618\" class=\"menu-item menu-item-type-custom menu-item-object-custom menu-item-3618\"><a href=\"\/fondations-en-beton\/\">Finition de dalles de b\u00e9ton r\u00e9sidentiel<\/a><\/li>\n<li id=\"menu-item-3619\" class=\"menu-item menu-item-type-custom menu-item-object-custom menu-item-3619\"><a href=\"\/reparations-et-restaurations-de-beton\/\">R\u00e9paration et restauration de b\u00e9ton<\/a><\/li>\n<li id=\"menu-item-3620\" class=\"menu-item menu-item-type-custom menu-item-object-custom menu-item-3620\"><a href=\"\/coulage-de-plancher\/\">Coulage de plancher<\/a><\/li>\n<li id=\"menu-item-3621\" class=\"menu-item menu-item-type-custom menu-item-object-custom menu-item-3621\"><a href=\"\/polissage-de-plancher\/\">Polissage de plancher<\/a><\/li>\n<li id=\"menu-item-3622\" class=\"menu-item menu-item-type-custom menu-item-object-custom menu-item-3622\"><a href=\"\/epoxy\/\">Epoxy<\/a><\/li>\n<li id=\"menu-item-3623\" class=\"menu-item menu-item-type-custom menu-item-object-custom menu-item-3623\"><a href=\"\/beton-commercial\/\">Finition de dalles de b\u00e9ton commercial et industriel<\/a><\/li>\n<\/ul>                    <\/div><!-- \/.service-sidebar__single -->\r\n    <\/div>\r\n\t\t<\/div>\n\t\t\t\t<\/div>\n\t\t\t\t<div class=\"elementor-element elementor-element-c9978f0 elementor-widget elementor-widget-wallpi-sidebar-call-to-action\" data-id=\"c9978f0\" data-element_type=\"widget\" data-widget_type=\"wallpi-sidebar-call-to-action.default\">\n\t\t\t\t<div class=\"elementor-widget-container\">\n\t\t\t    <div class=\"service-sidebar__single service-sidebar__single--contactsingle\" style=\"background-image: url(https:\/\/bracketweb.com\/wallpiwp\/wp-content\/uploads\/2024\/01\/services-details-sidebar1-2.jpg);\">\r\n        <div class=\"service-sidebar__contactwrap\">\r\n            <img decoding=\"async\" src=\"https:\/\/guycousineaucimentier.com\/wp-content\/uploads\/2024\/01\/services-details-sidebar1-3.jpg\" alt=\"services-details-sidebar1-3\" title=\"services-details-sidebar1-3\" class=\"service-sidebar__contactimg\" >            <div class=\"service-sidebar__contact text-center\">\r\n                <h3 class=\"service-sidebar__contact__title\">N'h\u00e9sitez pas \u00e0 nous contacter d\u00e8s aujourd'hui pour discuter de votre projet <\/h3>                <p class=\"service-sidebar__contact__number\">\r\n                    <i aria-hidden=\"true\" class=\"icon-phone\"><\/i>                    <a href=\"tel:+14504243844\">450-424-3844<\/a>                <\/p><!-- \/.service-sidebar__contact__number -->\r\n            <\/div><!-- \/.service-sidebar__contact -->\r\n        <\/div>\r\n    <\/div>\r\n\t\t<\/div>\n\t\t\t\t<\/div>\n\t\t\t\t<\/div>\n\t\t<div class=\"elementor-element elementor-element-e25b72e e-con-full e-flex e-con e-child\" data-id=\"e25b72e\" data-element_type=\"container\">\n\t\t\t\t<div class=\"elementor-element elementor-element-303a4d6 elementor-widget elementor-widget-text-editor\" data-id=\"303a4d6\" data-element_type=\"widget\" data-widget_type=\"text-editor.default\">\n\t\t\t\t<div class=\"elementor-widget-container\">\n\t\t\t\t\t\t\t<h3 class=\"service-details__title\">Service d&#8217;application d&#8217;\u00e9poxy<\/h3>\t\t\t\t\t\t<\/div>\n\t\t\t\t<\/div>\n\t\t\t\t<div class=\"elementor-element elementor-element-03c0261 elementor-widget elementor-widget-text-editor\" data-id=\"03c0261\" data-element_type=\"widget\" data-widget_type=\"text-editor.default\">\n\t\t\t\t<div class=\"elementor-widget-container\">\n\t\t\t\t\t\t\t<p class=\"service-details__text\">Notre service d&#8217;application d&#8217;\u00e9poxy vous permet de donner une nouvelle dimension \u00e0 vos planchers en b\u00e9ton. Que vous souhaitiez prot\u00e9ger votre garage des taches d&#8217;huile, r\u00e9nover votre sous-sol pour en faire un espace de vie \u00e9l\u00e9gant, ou am\u00e9liorer l&#8217;aspect de votre espace commercial, l&#8217;\u00e9poxy offre une solution polyvalente et r\u00e9sistante. Notre \u00e9quipe d&#8217;experts en \u00e9poxy utilise des produits de haute qualit\u00e9 et des techniques avanc\u00e9es pour cr\u00e9er des finitions durables, esth\u00e9tiques et faciles \u00e0 entretenir.<\/p>\t\t\t\t\t\t<\/div>\n\t\t\t\t<\/div>\n\t\t\t\t<div class=\"elementor-element elementor-element-e196939 elementor-widget elementor-widget-image\" data-id=\"e196939\" data-element_type=\"widget\" data-widget_type=\"image.default\">\n\t\t\t\t<div class=\"elementor-widget-container\">\n\t\t\t\t\t\t\t\t\t\t\t\t\t<img fetchpriority=\"high\" decoding=\"async\" width=\"1536\" height=\"948\" src=\"https:\/\/guycousineaucimentier.com\/wp-content\/uploads\/2024\/11\/planchers-epoxy-4.jpg\" class=\"attachment-full size-full wp-image-3499\" alt=\"\" srcset=\"https:\/\/guycousineaucimentier.com\/wp-content\/uploads\/2024\/11\/planchers-epoxy-4.jpg 1536w, https:\/\/guycousineaucimentier.com\/wp-content\/uploads\/2024\/11\/planchers-epoxy-4-300x185.jpg 300w, https:\/\/guycousineaucimentier.com\/wp-content\/uploads\/2024\/11\/planchers-epoxy-4-1024x632.jpg 1024w, https:\/\/guycousineaucimentier.com\/wp-content\/uploads\/2024\/11\/planchers-epoxy-4-768x474.jpg 768w, https:\/\/guycousineaucimentier.com\/wp-content\/uploads\/2024\/11\/planchers-epoxy-4-570x352.jpg 570w\" sizes=\"(max-width: 1536px) 100vw, 1536px\" \/>\t\t\t\t\t\t\t\t\t\t\t\t\t<\/div>\n\t\t\t\t<\/div>\n\t\t\t\t<div class=\"elementor-element elementor-element-32707a3 elementor-widget elementor-widget-text-editor\" data-id=\"32707a3\" data-element_type=\"widget\" data-widget_type=\"text-editor.default\">\n\t\t\t\t<div class=\"elementor-widget-container\">\n\t\t\t\t\t\t\t<h4 class=\"service-details__subtitle\">N&#8217;h\u00e9sitez pas \u00e0 nous contactez<\/h4>\t\t\t\t\t\t<\/div>\n\t\t\t\t<\/div>\n\t\t\t\t<div class=\"elementor-element elementor-element-e4abde4 elementor-widget elementor-widget-text-editor\" data-id=\"e4abde4\" data-element_type=\"widget\" data-widget_type=\"text-editor.default\">\n\t\t\t\t<div class=\"elementor-widget-container\">\n\t\t\t\t\t\t\t<p class=\"font_7 wixui-rich-text__text\">Contactez-nous d\u00e8s maintenant pour transformer vos planchers en des surfaces attrayantes et fonctionnelles.<\/p>\t\t\t\t\t\t<\/div>\n\t\t\t\t<\/div>\n\t\t\t\t<div class=\"elementor-element elementor-element-e0e58c4 elementor-widget elementor-widget-wallpi-service-details\" data-id=\"e0e58c4\" data-element_type=\"widget\" data-widget_type=\"wallpi-service-details.default\">\n\t\t\t\t<div class=\"elementor-widget-container\">\n\t\t\t\t<div class=\"service-details__benefits\">\r\n\t\t<div class=\"service-details__benefits__inner\">\r\n\t\t\t<h4 class=\"service-details__benefits__title\">Vos b\u00e9n\u00e9fices<\/h4>\t\t\t<p class=\"service-details__benefits__text\">Vous poss\u00e9dez plusieurs b\u00e9n\u00e9fices en nous faisant confiance. Voici quelques exemples:<\/p>\t\t\t<div class=\"service-details__benefits__img\">\r\n\t\t\t\t<img decoding=\"async\" src=\"https:\/\/guycousineaucimentier.com\/wp-content\/uploads\/2024\/04\/entrepreneur-beton.png\" alt=\"entrepreneur b\u00e9ton\" title=\"entrepreneur b\u00e9ton\" >\t\t\t<\/div>\r\n\t\t<\/div>\r\n\t<\/div>\r\n\r\n\t\t<\/div>\n\t\t\t\t<\/div>\n\t\t\t\t<div class=\"elementor-element elementor-element-00b6ef3 elementor-widget elementor-widget-text-editor\" data-id=\"00b6ef3\" data-element_type=\"widget\" data-widget_type=\"text-editor.default\">\n\t\t\t\t<div class=\"elementor-widget-container\">\n\t\t\t\t\t\t\t<div class=\"service-details__feature\"><div class=\"service-details__feature__col\"><div class=\"service-details__feature__titlewrap d-flex align-items-center\"><i class=\"icon-check\"><\/i><h6 class=\"service-details__feature__title\">Accompagnement<\/h6><\/div><p class=\"service-details__feature__text\">Notre \u00e9quipe est pr\u00eate \u00e0 vous accompagner durant toute la r\u00e9alisation de vos projets<\/p><\/div><div class=\"service-details__feature__col\"><div class=\"service-details__feature__titlewrap d-flex align-items-center\"><i class=\"icon-check\"><\/i><h6 class=\"service-details__feature__title\">Solutions sur mesure<\/h6><\/div><p class=\"service-details__feature__text\">On est pr\u00eat a vous offrir des solutions sur mesure qui r\u00e9pondent \u00e0 vos attentes<\/p><\/div><\/div>\t\t\t\t\t\t<\/div>\n\t\t\t\t<\/div>\n\t\t\t\t<\/div>\n\t\t\t\t\t<\/div>\n\t\t\t\t<\/div>\n\t\t\t\t<\/div>\n\t\t","protected":false},"excerpt":{"rendered":"<p>Nos services Finition de dalles de b\u00e9ton r\u00e9sidentiel R\u00e9paration et restauration de b\u00e9ton Coulage de plancher Polissage de plancher Epoxy Finition de dalles de b\u00e9ton commercial et industriel N&#8217;h\u00e9sitez pas \u00e0 nous contacter d\u00e8s aujourd&#8217;hui pour discuter de votre projet 450-424-3844 Service d&#8217;application d&#8217;\u00e9poxy Notre service d&#8217;application d&#8217;\u00e9poxy vous permet de donner une nouvelle dimension [&hellip;]<\/p>\n","protected":false},"author":2,"featured_media":0,"parent":0,"menu_order":0,"comment_status":"closed","ping_status":"closed","template":"elementor_header_footer","meta":{"footnotes":""},"class_list":["post-3359","page","type-page","status-publish","hentry"],"_links":{"self":[{"href":"https:\/\/guycousineaucimentier.com\/index.php?rest_route=\/wp\/v2\/pages\/3359","targetHints":{"allow":["GET"]}}],"collection":[{"href":"https:\/\/guycousineaucimentier.com\/index.php?rest_route=\/wp\/v2\/pages"}],"about":[{"href":"https:\/\/guycousineaucimentier.com\/index.php?rest_route=\/wp\/v2\/types\/page"}],"author":[{"embeddable":true,"href":"https:\/\/guycousineaucimentier.com\/index.php?rest_route=\/wp\/v2\/users\/2"}],"replies":[{"embeddable":true,"href":"https:\/\/guycousineaucimentier.com\/index.php?rest_route=%2Fwp%2Fv2%2Fcomments&post=3359"}],"version-history":[{"count":10,"href":"https:\/\/guycousineaucimentier.com\/index.php?rest_route=\/wp\/v2\/pages\/3359\/revisions"}],"predecessor-version":[{"id":3642,"href":"https:\/\/guycousineaucimentier.com\/index.php?rest_route=\/wp\/v2\/pages\/3359\/revisions\/3642"}],"wp:attachment":[{"href":"https:\/\/guycousineaucimentier.com\/index.php?rest_route=%2Fwp%2Fv2%2Fmedia&parent=3359"}],"curies":[{"name":"wp","href":"https:\/\/api.w.org\/{rel}","templated":true}]}}