{"id":2905,"date":"2024-01-13T11:54:36","date_gmt":"2024-01-13T11:54:36","guid":{"rendered":"http:\/\/wallpi-demo.local\/?page_id=18"},"modified":"2024-05-06T14:12:41","modified_gmt":"2024-05-06T14:12:41","slug":"services","status":"publish","type":"page","link":"https:\/\/guycousineaucimentier.com\/?page_id=2905","title":{"rendered":"Services"},"content":{"rendered":"\t\t<div data-elementor-type=\"wp-page\" data-elementor-id=\"2905\" class=\"elementor elementor-2905\" data-elementor-post-type=\"page\">\n\t\t\t\t<div class=\"elementor-element elementor-element-5d557ee8 e-con-full e-flex e-con e-parent\" data-id=\"5d557ee8\" data-element_type=\"container\">\n\t\t\t\t<div class=\"elementor-element elementor-element-74936b8 elementor-widget elementor-widget-wallpi-service\" data-id=\"74936b8\" data-element_type=\"widget\" data-widget_type=\"wallpi-service.default\">\n\t\t\t\t<div class=\"elementor-widget-container\">\n\t\t\t\t<!-- Service Start -->\r\n\t<section class=\"service-one service-one--two service-one--page\">\r\n\t\t<div class=\"container\">\r\n\t\t\t<div class=\"row gutter-y-30\">\r\n\t\t\t\t\t\t\t\t\t<div class=\"col-lg-4 col-md-6 wow fadeInUp\" data-wow-delay=\"10ms\">\r\n\t\t\t\t\t\t<div class=\"service-one__item\">\r\n\t\t\t\t\t\t\t<div class=\"service-one__item__image\">\r\n\t\t\t\t\t\t\t\t<img decoding=\"async\" src=\"https:\/\/guycousineaucimentier.com\/wp-content\/uploads\/2024\/01\/services2-1.jpg\" alt=\"services2-1\" title=\"services2-1\" >\t\t\t\t\t\t\t\t<div class=\"service-one__item__icon\">\r\n\t\t\t\t\t\t\t\t\t<i aria-hidden=\"true\" class=\"  icon-varnish\"><\/i>\t\t\t\t\t\t\t\t<\/div><!-- \/.service-icon -->\r\n\t\t\t\t\t\t\t<\/div>\r\n\r\n\t\t\t\t\t\t\t<div class=\"service-one__item__info\">\r\n\t\t\t\t\t\t\t\t<a class=\"sercives-arrow-right\" href=\"https:\/\/guycousineaucimentier.com\/beton-commercial\/\">\r\n\t\t\t\t\t\t\t\t<i aria-hidden=\"true\" class=\"  icon-arrow-small-right\"><\/i>\t\t\t\t\t\t\t\t<\/a>\r\n\t\t\t\t\t\t\t\t<h2 class=\"service-one__item__title\">\r\n\t\t\t\t\t\t\t\t\t<a href=\"https:\/\/guycousineaucimentier.com\/beton-commercial\/\">FINITION DE DALLE DE B\u00c9TON COMMERCIAL ET INDUSTRIEL<\/a>\r\n\t\t\t\t\t\t\t\t<\/h2><!-- \/.service-card-two__title -->\r\n\t\t\t\t\t\t\t<\/div>\r\n\t\t\t\t\t\t<\/div><!-- \/.service-card-one -->\r\n\t\t\t\t\t<\/div>\r\n\t\t\t\t\t\t\t\t\t<div class=\"col-lg-4 col-md-6 wow fadeInUp\" data-wow-delay=\"20ms\">\r\n\t\t\t\t\t\t<div class=\"service-one__item\">\r\n\t\t\t\t\t\t\t<div class=\"service-one__item__image\">\r\n\t\t\t\t\t\t\t\t<img decoding=\"async\" src=\"https:\/\/guycousineaucimentier.com\/wp-content\/uploads\/2024\/01\/services2-2.jpg\" alt=\"services2-2\" title=\"services2-2\" >\t\t\t\t\t\t\t\t<div class=\"service-one__item__icon\">\r\n\t\t\t\t\t\t\t\t\t<i aria-hidden=\"true\" class=\"   icon-wallpaper-1\"><\/i>\t\t\t\t\t\t\t\t<\/div><!-- \/.service-icon -->\r\n\t\t\t\t\t\t\t<\/div>\r\n\r\n\t\t\t\t\t\t\t<div class=\"service-one__item__info\">\r\n\t\t\t\t\t\t\t\t<a class=\"sercives-arrow-right\" href=\"https:\/\/guycousineaucimentier.com\/fondations-en-beton\/\">\r\n\t\t\t\t\t\t\t\t<i aria-hidden=\"true\" class=\"  icon-arrow-small-right\"><\/i>\t\t\t\t\t\t\t\t<\/a>\r\n\t\t\t\t\t\t\t\t<h2 class=\"service-one__item__title\">\r\n\t\t\t\t\t\t\t\t\t<a href=\"https:\/\/guycousineaucimentier.com\/fondations-en-beton\/\">FINITION DE DALLES DE B\u00c9TON R\u00c9SIDENTIEL<\/a>\r\n\t\t\t\t\t\t\t\t<\/h2><!-- \/.service-card-two__title -->\r\n\t\t\t\t\t\t\t<\/div>\r\n\t\t\t\t\t\t<\/div><!-- \/.service-card-one -->\r\n\t\t\t\t\t<\/div>\r\n\t\t\t\t\t\t\t\t\t<div class=\"col-lg-4 col-md-6 wow fadeInUp\" data-wow-delay=\"30ms\">\r\n\t\t\t\t\t\t<div class=\"service-one__item\">\r\n\t\t\t\t\t\t\t<div class=\"service-one__item__image\">\r\n\t\t\t\t\t\t\t\t<img decoding=\"async\" src=\"https:\/\/guycousineaucimentier.com\/wp-content\/uploads\/2024\/01\/services2-3.jpg\" alt=\"services2-3\" title=\"services2-3\" >\t\t\t\t\t\t\t\t<div class=\"service-one__item__icon\">\r\n\t\t\t\t\t\t\t\t\t<i aria-hidden=\"true\" class=\"   icon-interior-design\"><\/i>\t\t\t\t\t\t\t\t<\/div><!-- \/.service-icon -->\r\n\t\t\t\t\t\t\t<\/div>\r\n\r\n\t\t\t\t\t\t\t<div class=\"service-one__item__info\">\r\n\t\t\t\t\t\t\t\t<a class=\"sercives-arrow-right\" href=\"https:\/\/guycousineaucimentier.com\/reparations-et-restaurations-de-beton\/\">\r\n\t\t\t\t\t\t\t\t<i aria-hidden=\"true\" class=\"  icon-arrow-small-right\"><\/i>\t\t\t\t\t\t\t\t<\/a>\r\n\t\t\t\t\t\t\t\t<h2 class=\"service-one__item__title\">\r\n\t\t\t\t\t\t\t\t\t<a href=\"https:\/\/guycousineaucimentier.com\/reparations-et-restaurations-de-beton\/\">R\u00c9PARATIONS ET RESTAURATIONS DE B\u00c9TON<\/a>\r\n\t\t\t\t\t\t\t\t<\/h2><!-- \/.service-card-two__title -->\r\n\t\t\t\t\t\t\t<\/div>\r\n\t\t\t\t\t\t<\/div><!-- \/.service-card-one -->\r\n\t\t\t\t\t<\/div>\r\n\t\t\t\t\t\t\t\t\t<div class=\"col-lg-4 col-md-6 wow fadeInUp\" data-wow-delay=\"40ms\">\r\n\t\t\t\t\t\t<div class=\"service-one__item\">\r\n\t\t\t\t\t\t\t<div class=\"service-one__item__image\">\r\n\t\t\t\t\t\t\t\t<img decoding=\"async\" src=\"https:\/\/guycousineaucimentier.com\/wp-content\/uploads\/2024\/01\/services2-4.jpg\" alt=\"services2-4\" title=\"services2-4\" >\t\t\t\t\t\t\t\t<div class=\"service-one__item__icon\">\r\n\t\t\t\t\t\t\t\t\t<i aria-hidden=\"true\" class=\"   icon-web-design\"><\/i>\t\t\t\t\t\t\t\t<\/div><!-- \/.service-icon -->\r\n\t\t\t\t\t\t\t<\/div>\r\n\r\n\t\t\t\t\t\t\t<div class=\"service-one__item__info\">\r\n\t\t\t\t\t\t\t\t<a class=\"sercives-arrow-right\" href=\"https:\/\/guycousineaucimentier.com\/coulage-de-plancher\/\">\r\n\t\t\t\t\t\t\t\t<i aria-hidden=\"true\" class=\"  icon-arrow-small-right\"><\/i>\t\t\t\t\t\t\t\t<\/a>\r\n\t\t\t\t\t\t\t\t<h2 class=\"service-one__item__title\">\r\n\t\t\t\t\t\t\t\t\t<a href=\"https:\/\/guycousineaucimentier.com\/coulage-de-plancher\/\">COULAGE DE PLANCHER<\/a>\r\n\t\t\t\t\t\t\t\t<\/h2><!-- \/.service-card-two__title -->\r\n\t\t\t\t\t\t\t<\/div>\r\n\t\t\t\t\t\t<\/div><!-- \/.service-card-one -->\r\n\t\t\t\t\t<\/div>\r\n\t\t\t\t\t\t\t\t\t<div class=\"col-lg-4 col-md-6 wow fadeInUp\" data-wow-delay=\"50ms\">\r\n\t\t\t\t\t\t<div class=\"service-one__item\">\r\n\t\t\t\t\t\t\t<div class=\"service-one__item__image\">\r\n\t\t\t\t\t\t\t\t<img decoding=\"async\" src=\"https:\/\/guycousineaucimentier.com\/wp-content\/uploads\/2024\/01\/services2-5.jpg\" alt=\"services2-5\" title=\"services2-5\" >\t\t\t\t\t\t\t\t<div class=\"service-one__item__icon\">\r\n\t\t\t\t\t\t\t\t\t<i aria-hidden=\"true\" class=\"   icon-poster\"><\/i>\t\t\t\t\t\t\t\t<\/div><!-- \/.service-icon -->\r\n\t\t\t\t\t\t\t<\/div>\r\n\r\n\t\t\t\t\t\t\t<div class=\"service-one__item__info\">\r\n\t\t\t\t\t\t\t\t<a class=\"sercives-arrow-right\" href=\"https:\/\/guycousineaucimentier.com\/polissage-de-plancher\/\">\r\n\t\t\t\t\t\t\t\t<i aria-hidden=\"true\" class=\"  icon-arrow-small-right\"><\/i>\t\t\t\t\t\t\t\t<\/a>\r\n\t\t\t\t\t\t\t\t<h3 class=\"service-one__item__title\">\r\n\t\t\t\t\t\t\t\t\t<a href=\"https:\/\/guycousineaucimentier.com\/polissage-de-plancher\/\">POLISSAGE DE PLANCHER<\/a>\r\n\t\t\t\t\t\t\t\t<\/h3><!-- \/.service-card-two__title -->\r\n\t\t\t\t\t\t\t<\/div>\r\n\t\t\t\t\t\t<\/div><!-- \/.service-card-one -->\r\n\t\t\t\t\t<\/div>\r\n\t\t\t\t\t\t\t\t\t<div class=\"col-lg-4 col-md-6 wow fadeInUp\" data-wow-delay=\"60ms\">\r\n\t\t\t\t\t\t<div class=\"service-one__item\">\r\n\t\t\t\t\t\t\t<div class=\"service-one__item__image\">\r\n\t\t\t\t\t\t\t\t<img decoding=\"async\" src=\"https:\/\/guycousineaucimentier.com\/wp-content\/uploads\/2024\/01\/services2-5.jpg\" alt=\"services2-5\" title=\"services2-5\" >\t\t\t\t\t\t\t\t<div class=\"service-one__item__icon\">\r\n\t\t\t\t\t\t\t\t\t<i aria-hidden=\"true\" class=\"   icon-wallpaper-2\"><\/i>\t\t\t\t\t\t\t\t<\/div><!-- \/.service-icon -->\r\n\t\t\t\t\t\t\t<\/div>\r\n\r\n\t\t\t\t\t\t\t<div class=\"service-one__item__info\">\r\n\t\t\t\t\t\t\t\t<a class=\"sercives-arrow-right\" href=\"https:\/\/guycousineaucimentier.com\/epoxy\/\">\r\n\t\t\t\t\t\t\t\t<i aria-hidden=\"true\" class=\"  icon-arrow-small-right\"><\/i>\t\t\t\t\t\t\t\t<\/a>\r\n\t\t\t\t\t\t\t\t<h3 class=\"service-one__item__title\">\r\n\t\t\t\t\t\t\t\t\t<a href=\"https:\/\/guycousineaucimentier.com\/epoxy\/\">EPOXY<\/a>\r\n\t\t\t\t\t\t\t\t<\/h3><!-- \/.service-card-two__title -->\r\n\t\t\t\t\t\t\t<\/div>\r\n\t\t\t\t\t\t<\/div><!-- \/.service-card-one -->\r\n\t\t\t\t\t<\/div>\r\n\t\t\t\t\t\t\t<\/div>\r\n\t\t<\/div>\r\n\t<\/section>\r\n\t<!-- Service End -->\r\n\t\t<\/div>\n\t\t\t\t<\/div>\n\t\t\t\t<\/div>\n\t\t\t\t<\/div>\n\t\t","protected":false},"excerpt":{"rendered":"<p>FINITION DE DALLE DE B\u00c9TON COMMERCIAL ET INDUSTRIEL FINITION DE DALLES DE B\u00c9TON R\u00c9SIDENTIEL R\u00c9PARATIONS ET RESTAURATIONS DE B\u00c9TON COULAGE DE PLANCHER POLISSAGE DE PLANCHER EPOXY<\/p>\n","protected":false},"author":2,"featured_media":0,"parent":0,"menu_order":0,"comment_status":"closed","ping_status":"closed","template":"elementor_header_footer","meta":{"footnotes":""},"class_list":["post-2905","page","type-page","status-publish","hentry"],"_links":{"self":[{"href":"https:\/\/guycousineaucimentier.com\/index.php?rest_route=\/wp\/v2\/pages\/2905","targetHints":{"allow":["GET"]}}],"collection":[{"href":"https:\/\/guycousineaucimentier.com\/index.php?rest_route=\/wp\/v2\/pages"}],"about":[{"href":"https:\/\/guycousineaucimentier.com\/index.php?rest_route=\/wp\/v2\/types\/page"}],"author":[{"embeddable":true,"href":"https:\/\/guycousineaucimentier.com\/index.php?rest_route=\/wp\/v2\/users\/2"}],"replies":[{"embeddable":true,"href":"https:\/\/guycousineaucimentier.com\/index.php?rest_route=%2Fwp%2Fv2%2Fcomments&post=2905"}],"version-history":[{"count":7,"href":"https:\/\/guycousineaucimentier.com\/index.php?rest_route=\/wp\/v2\/pages\/2905\/revisions"}],"predecessor-version":[{"id":3442,"href":"https:\/\/guycousineaucimentier.com\/index.php?rest_route=\/wp\/v2\/pages\/2905\/revisions\/3442"}],"wp:attachment":[{"href":"https:\/\/guycousineaucimentier.com\/index.php?rest_route=%2Fwp%2Fv2%2Fmedia&parent=2905"}],"curies":[{"name":"wp","href":"https:\/\/api.w.org\/{rel}","templated":true}]}}