{"id":113,"date":"2024-01-13T12:01:23","date_gmt":"2024-01-13T12:01:23","guid":{"rendered":"http:\/\/wallpi-demo.local\/?page_id=113"},"modified":"2024-04-05T15:15:26","modified_gmt":"2024-04-05T15:15:26","slug":"contact","status":"publish","type":"page","link":"https:\/\/guycousineaucimentier.com\/?page_id=113","title":{"rendered":"Contact"},"content":{"rendered":"\t\t<div data-elementor-type=\"wp-page\" data-elementor-id=\"113\" class=\"elementor elementor-113\" data-elementor-post-type=\"page\">\n\t\t\t\t<div class=\"elementor-element elementor-element-43f12d8 e-con-full e-flex e-con e-parent\" data-id=\"43f12d8\" data-element_type=\"container\">\n\t\t\t\t<div class=\"elementor-element elementor-element-b1889d0 elementor-widget elementor-widget-wallpi-call-to-action\" data-id=\"b1889d0\" data-element_type=\"widget\" data-widget_type=\"wallpi-call-to-action.default\">\n\t\t\t\t<div class=\"elementor-widget-container\">\n\t\t\t\r\n\t<section class=\"address-one\">\r\n\t\t<div class=\"container\">\r\n\t\t\t<div class=\"row\">\r\n\t\t\t\t<div class=\"sec-title\">\r\n\t\t\t\t\t<h5 class=\"sec-title__title\">N'h\u00e9sitez pas \u00e0 contacter <br>\nNous pour toute demande de renseignements<\/h5><h2 class=\"sec-title__text\">Vous pouvez \u00e9galement nous contacter par t\u00e9l\u00e9phone ou par e-mail, il existe de nombreuses variantes<\/h2>\t\t\t\t<\/div><!-- \/.sec-title -->\r\n\r\n\t\t\t\t<div class=\"address-one__wrap text-center\">\r\n\t\t\t\t\t<div class=\"row gutter-y-20\">\r\n\t\t\t\t\t\t\t\t\t\t\t\t\t<div class=\"col-md-4 address-one__colwrap\">\r\n\t\t\t\t\t\t\t\t<div class=\"address-one__col\">\r\n\t\t\t\t\t\t\t\t\t<span aria-hidden=\"true\" class=\"address-one__icon   icon-map\"><\/span>\t\t\t\t\t\t\t\t\t<h3 class=\"address-one__title\">\r\n\t\t\t\t\t\t\t\t\t\tNotre bureau\t\t\t\t\t\t\t\t\t<\/h3>\r\n\r\n\t\t\t\t\t\t\t\t\t<p class=\"address-one__location\">2836, rue Ramezay\nSt-Lazare (Qu\u00e9bec) J7T 3M5<\/p>\r\n\t\t\t\t\t\t\t\t<\/div>\r\n\t\t\t\t\t\t\t<\/div>\r\n\t\t\t\t\t\t\t\t\t\t\t\t\t<div class=\"col-md-4 address-one__colwrap\">\r\n\t\t\t\t\t\t\t\t<div class=\"address-one__col\">\r\n\t\t\t\t\t\t\t\t\t<span aria-hidden=\"true\" class=\"address-one__icon   icon-phoned\"><\/span>\t\t\t\t\t\t\t\t\t<h3 class=\"address-one__title\">\r\n\t\t\t\t\t\t\t\t\t\tPar t\u00e9l\u00e9phone\t\t\t\t\t\t\t\t\t<\/h3>\r\n\r\n\t\t\t\t\t\t\t\t\t<p class=\"address-one__location\"><a href=\"tel:+14504243844\u200b\">450-424-3844\u200b<\/a><\/p>\r\n\t\t\t\t\t\t\t\t<\/div>\r\n\t\t\t\t\t\t\t<\/div>\r\n\t\t\t\t\t\t\t\t\t\t\t\t\t<div class=\"col-md-4 address-one__colwrap\">\r\n\t\t\t\t\t\t\t\t<div class=\"address-one__col\">\r\n\t\t\t\t\t\t\t\t\t<span aria-hidden=\"true\" class=\"address-one__icon   icon-email1\"><\/span>\t\t\t\t\t\t\t\t\t<h3 class=\"address-one__title\">\r\n\t\t\t\t\t\t\t\t\t\tNotre courriel\t\t\t\t\t\t\t\t\t<\/h3>\r\n\r\n\t\t\t\t\t\t\t\t\t<p class=\"address-one__location\"><a href=\"mailto:nfo@guycousineaucimentier.com\">info@guycousineaucimentier.com<\/a> <\/p>\r\n\t\t\t\t\t\t\t\t<\/div>\r\n\t\t\t\t\t\t\t<\/div>\r\n\t\t\t\t\t\t\t\t\t\t\t<\/div>\r\n\t\t\t\t<\/div>\r\n\t\t\t<\/div>\r\n\t\t<\/div>\r\n\t<\/section>\r\n\r\n\r\n\t\t<\/div>\n\t\t\t\t<\/div>\n\t\t\t\t<\/div>\n\t\t<div class=\"elementor-element elementor-element-d9c81cb e-con-full e-flex e-con e-parent\" data-id=\"d9c81cb\" data-element_type=\"container\">\n\t\t\t\t<\/div>\n\t\t<div class=\"elementor-element elementor-element-a2ff91c e-con-full e-flex e-con e-parent\" data-id=\"a2ff91c\" data-element_type=\"container\">\n\t\t\t\t<div class=\"elementor-element elementor-element-d898a4a elementor-widget elementor-widget-wallpi-contact-form\" data-id=\"d898a4a\" data-element_type=\"widget\" data-widget_type=\"wallpi-contact-form.default\">\n\t\t\t\t<div class=\"elementor-widget-container\">\n\t\t\t    <section class=\"contact-one\">\r\n        <div class=\"container\">\r\n            <div class=\"contact-one__inner\">\r\n                <div class=\"row\">\r\n                    <div class=\"col-sm-12\">\r\n                        <div class=\"contact-one__form form-one wow fadeInUp\">\r\n                            <div class=\"wpcf7 no-js\" id=\"wpcf7-f1541-o1\" lang=\"en-US\" dir=\"ltr\">\n<div class=\"screen-reader-response\"><p role=\"status\" aria-live=\"polite\" aria-atomic=\"true\"><\/p> <ul><\/ul><\/div>\n<form action=\"\/index.php?rest_route=%2Fwp%2Fv2%2Fpages%2F113#wpcf7-f1541-o1\" method=\"post\" class=\"wpcf7-form init\" aria-label=\"Contact form\" novalidate=\"novalidate\" data-status=\"init\">\n<div style=\"display: none;\">\n<input type=\"hidden\" name=\"_wpcf7\" value=\"1541\" \/>\n<input type=\"hidden\" name=\"_wpcf7_version\" value=\"5.9.8\" \/>\n<input type=\"hidden\" name=\"_wpcf7_locale\" value=\"en_US\" \/>\n<input type=\"hidden\" name=\"_wpcf7_unit_tag\" value=\"wpcf7-f1541-o1\" \/>\n<input type=\"hidden\" name=\"_wpcf7_container_post\" value=\"0\" \/>\n<input type=\"hidden\" name=\"_wpcf7_posted_data_hash\" value=\"\" \/>\n<\/div>\n<div class=\"form-one__group\">\n    <div class=\"form-one__control\">\n         <span class=\"wpcf7-form-control-wrap\" data-name=\"text-14\"><input size=\"40\" maxlength=\"400\" class=\"wpcf7-form-control wpcf7-text wpcf7-validates-as-required\" aria-required=\"true\" aria-invalid=\"false\" placeholder=\"Votre nom\" value=\"\" type=\"text\" name=\"text-14\" \/><\/span>\n    <\/div><!-- \/.form-one__control -->\n\n    <div class=\"form-one__control\">\n        <span class=\"wpcf7-form-control-wrap\" data-name=\"email-982\"><input size=\"40\" maxlength=\"400\" class=\"wpcf7-form-control wpcf7-email wpcf7-validates-as-required wpcf7-text wpcf7-validates-as-email\" aria-required=\"true\" aria-invalid=\"false\" placeholder=\"Adresse Email\" value=\"\" type=\"email\" name=\"email-982\" \/><\/span>\n    <\/div><!-- \/.form-one__control -->\n\n    <div class=\"form-one__control\">\n        <span class=\"wpcf7-form-control-wrap\" data-name=\"text-15\"><input size=\"40\" maxlength=\"400\" class=\"wpcf7-form-control wpcf7-text wpcf7-validates-as-required\" aria-required=\"true\" aria-invalid=\"false\" placeholder=\"T\u00e9l\u00e9phone\" value=\"\" type=\"text\" name=\"text-15\" \/><\/span>\n    <\/div><!-- \/.form-one__control -->\n\n    <div class=\"form-one__control\">\n        <span class=\"wpcf7-form-control-wrap\" data-name=\"text-15\"><input size=\"40\" maxlength=\"400\" class=\"wpcf7-form-control wpcf7-text wpcf7-validates-as-required\" aria-required=\"true\" aria-invalid=\"false\" placeholder=\"Sujet\" value=\"\" type=\"text\" name=\"text-15\" \/><\/span>\n    <\/div><!-- \/.form-one__control -->\n\n    <div class=\"form-one__control form-one__control--full\">\n        <span class=\"wpcf7-form-control-wrap\" data-name=\"textarea-432\"><textarea cols=\"40\" rows=\"10\" maxlength=\"2000\" class=\"wpcf7-form-control wpcf7-textarea wpcf7-validates-as-required\" aria-required=\"true\" aria-invalid=\"false\" placeholder=\"Votre Message\" name=\"textarea-432\"><\/textarea><\/span>\n    <\/div><!-- \/.form-one__control -->\n\n    <div class=\"form-one__control form-one__control--full\">\n        <button type=\"submit\" class=\"wallpi-btn wallpi-btn--submit\"><span>Envoyer Message<\/span><\/button>\n    <\/div><!-- \/.form-one__control -->\n<\/div><!-- \/.form-one__group --><div class=\"wpcf7-response-output\" aria-hidden=\"true\"><\/div>\n<\/form>\n<\/div>                        <\/div>\r\n                    <\/div><!-- \/.col-xl-5 -->\r\n                <\/div><!-- \/.row -->\r\n            <\/div><!-- \/.contact-one__inner -->\r\n        <\/div><!-- \/.container -->\r\n    <\/section><!-- \/.contact-one -->\r\n\t\t<\/div>\n\t\t\t\t<\/div>\n\t\t\t\t<\/div>\n\t\t<div class=\"elementor-element elementor-element-0b274ec e-con-full e-flex e-con e-parent\" data-id=\"0b274ec\" data-element_type=\"container\">\n\t\t\t\t<div class=\"elementor-element elementor-element-5a6cad9 elementor-widget elementor-widget-google_maps\" data-id=\"5a6cad9\" data-element_type=\"widget\" data-widget_type=\"google_maps.default\">\n\t\t\t\t<div class=\"elementor-widget-container\">\n\t\t\t\t\t<div class=\"elementor-custom-embed\">\n\t\t\t<iframe loading=\"lazy\"\n\t\t\t\t\tsrc=\"https:\/\/maps.google.com\/maps?q=2836%20Rue%20de%20Ramezay%2C%20Saint-Lazare%2C%20Quebec%20J7T%203M5&#038;t=m&#038;z=13&#038;output=embed&#038;iwloc=near\"\n\t\t\t\t\ttitle=\"2836 Rue de Ramezay, Saint-Lazare, Quebec J7T 3M5\"\n\t\t\t\t\taria-label=\"2836 Rue de Ramezay, Saint-Lazare, Quebec J7T 3M5\"\n\t\t\t><\/iframe>\n\t\t<\/div>\n\t\t\t\t<\/div>\n\t\t\t\t<\/div>\n\t\t\t\t<\/div>\n\t\t\t\t<\/div>\n\t\t","protected":false},"excerpt":{"rendered":"<p>N&#8217;h\u00e9sitez pas \u00e0 contacter Nous pour toute demande de renseignements Vous pouvez \u00e9galement nous contacter par t\u00e9l\u00e9phone ou par e-mail, il existe de nombreuses variantes Notre bureau 2836, rue Ramezay St-Lazare (Qu\u00e9bec) J7T 3M5 Par t\u00e9l\u00e9phone 450-424-3844\u200b Notre courriel info@guycousineaucimentier.com Envoyer Message<\/p>\n","protected":false},"author":2,"featured_media":0,"parent":0,"menu_order":0,"comment_status":"closed","ping_status":"closed","template":"elementor_header_footer","meta":{"footnotes":""},"class_list":["post-113","page","type-page","status-publish","hentry"],"_links":{"self":[{"href":"https:\/\/guycousineaucimentier.com\/index.php?rest_route=\/wp\/v2\/pages\/113","targetHints":{"allow":["GET"]}}],"collection":[{"href":"https:\/\/guycousineaucimentier.com\/index.php?rest_route=\/wp\/v2\/pages"}],"about":[{"href":"https:\/\/guycousineaucimentier.com\/index.php?rest_route=\/wp\/v2\/types\/page"}],"author":[{"embeddable":true,"href":"https:\/\/guycousineaucimentier.com\/index.php?rest_route=\/wp\/v2\/users\/2"}],"replies":[{"embeddable":true,"href":"https:\/\/guycousineaucimentier.com\/index.php?rest_route=%2Fwp%2Fv2%2Fcomments&post=113"}],"version-history":[{"count":12,"href":"https:\/\/guycousineaucimentier.com\/index.php?rest_route=\/wp\/v2\/pages\/113\/revisions"}],"predecessor-version":[{"id":3421,"href":"https:\/\/guycousineaucimentier.com\/index.php?rest_route=\/wp\/v2\/pages\/113\/revisions\/3421"}],"wp:attachment":[{"href":"https:\/\/guycousineaucimentier.com\/index.php?rest_route=%2Fwp%2Fv2%2Fmedia&parent=113"}],"curies":[{"name":"wp","href":"https:\/\/api.w.org\/{rel}","templated":true}]}}